{"id":18159,"date":"2026-04-27T09:55:29","date_gmt":"2026-04-27T15:55:29","guid":{"rendered":"https:\/\/itemsind.com\/tienda\/?post_type=product&#038;p=18159"},"modified":"2026-04-27T09:55:29","modified_gmt":"2026-04-27T15:55:29","slug":"arnes-para-suspension-403-s-l","status":"publish","type":"product","link":"https:\/\/itemsind.com\/tienda\/producto\/arnes-para-suspension-403-s-l\/","title":{"rendered":"Arn\u00e9s para suspensi\u00f3n  403-S\/L"},"content":{"rendered":"","protected":false},"excerpt":{"rendered":"<p>Dispositivo a base de bandas o correas que se colocan alrededor del cuerpo, entre el t\u00f3rax, hombro y piernas. El dise\u00f1o del arn\u00e9s permite distribuir las fuerzas de carga en todo el cuerpo.<\/p>\n<p>Dise\u00f1ado con 2 anillos \u201cD\u201d a la cintura para enganchar el cable de posicionamiento a un determinado nivel de altura, lo cual permite que el trabajador labore con manos libres.<\/p>\n<p>El anillo dorsal permite parar una posible ca\u00edda. El anillo esternal puede ser utilizado como una detenci\u00f3n de ca\u00eddas alternativa, donde no hay posibilidad de caer en una direcci\u00f3n distinta de los pies por delante.El anillo frontal sirve como conexi\u00f3n ascenso\/descenso de escalera para anti ca\u00eddas guiada donde no hay posibilidad de caer en una direcci\u00f3n distinta de los pies por delante.<\/p>\n<p>Las hebillas de conexi\u00f3n r\u00e1pida permiten ajustar el cintur\u00f3n y pierneras. Cuenta con cojines en hombros, cintura y piernas para mayor ergonom\u00eda.<\/p>\n","protected":false},"featured_media":18160,"template":"","meta":[],"product_brand":[2366],"product_cat":[2252,1311],"product_tag":[2480,2273],"class_list":{"0":"post-18159","1":"product","2":"type-product","3":"status-publish","4":"has-post-thumbnail","6":"product_brand-hawk","7":"product_cat-equipo","8":"product_cat-trabajo-alturas","9":"product_tag-arnes-de-cuerpo-completo","10":"product_tag-trabajo-en-alturas","13":"instock","14":"taxable","15":"shipping-taxable","16":"product-type-simple"},"yoast_head":"<!-- This site is optimized with the Yoast SEO plugin v27.4 - https:\/\/yoast.com\/product\/yoast-seo-wordpress\/ -->\n<title>Arn\u00e9s para suspensi\u00f3n 403-S\/L - Items Industriales<\/title>\n<meta name=\"robots\" content=\"index, follow, max-snippet:-1, max-image-preview:large, max-video-preview:-1\" \/>\n<link rel=\"canonical\" href=\"https:\/\/itemsind.com\/tienda\/producto\/arnes-para-suspension-403-s-l\/\" \/>\n<meta property=\"og:locale\" content=\"es_ES\" \/>\n<meta property=\"og:type\" content=\"article\" \/>\n<meta property=\"og:title\" content=\"Arn\u00e9s para suspensi\u00f3n 403-S\/L - Items Industriales\" \/>\n<meta property=\"og:description\" content=\"Dispositivo a base de bandas o correas que se colocan alrededor del cuerpo, entre el t\u00f3rax, hombro y piernas. El dise\u00f1o del arn\u00e9s permite distribuir las fuerzas de carga en todo el cuerpo.  Dise\u00f1ado con 2 anillos \u201cD\u201d a la cintura para enganchar el cable de posicionamiento a un determinado nivel de altura, lo cual permite que el trabajador labore con manos libres.  El anillo dorsal permite parar una posible ca\u00edda. El anillo esternal puede ser utilizado como una detenci\u00f3n de ca\u00eddas alternativa, donde no hay posibilidad de caer en una direcci\u00f3n distinta de los pies por delante.El anillo frontal sirve como conexi\u00f3n ascenso\/descenso de escalera para anti ca\u00eddas guiada donde no hay posibilidad de caer en una direcci\u00f3n distinta de los pies por delante.  Las hebillas de conexi\u00f3n r\u00e1pida permiten ajustar el cintur\u00f3n y pierneras. Cuenta con cojines en hombros, cintura y piernas para mayor ergonom\u00eda.\" \/>\n<meta property=\"og:url\" content=\"https:\/\/itemsind.com\/tienda\/producto\/arnes-para-suspension-403-s-l\/\" \/>\n<meta property=\"og:site_name\" content=\"Items Industriales\" \/>\n<meta property=\"article:publisher\" content=\"https:\/\/www.facebook.com\/itemsind\" \/>\n<meta property=\"og:image\" content=\"https:\/\/itemsind.com\/tienda\/wp-content\/uploads\/2026\/04\/plantilla-productos-WEBSITE-26.png\" \/>\n\t<meta property=\"og:image:width\" content=\"1080\" \/>\n\t<meta property=\"og:image:height\" content=\"1080\" \/>\n\t<meta property=\"og:image:type\" content=\"image\/png\" \/>\n<meta name=\"twitter:card\" content=\"summary_large_image\" \/>\n<meta name=\"twitter:label1\" content=\"Tiempo de lectura\" \/>\n\t<meta name=\"twitter:data1\" content=\"1 minuto\" \/>\n<script type=\"application\/ld+json\" class=\"yoast-schema-graph\">{\"@context\":\"https:\\\/\\\/schema.org\",\"@graph\":[{\"@type\":\"WebPage\",\"@id\":\"https:\\\/\\\/itemsind.com\\\/tienda\\\/producto\\\/arnes-para-suspension-403-s-l\\\/\",\"url\":\"https:\\\/\\\/itemsind.com\\\/tienda\\\/producto\\\/arnes-para-suspension-403-s-l\\\/\",\"name\":\"Arn\u00e9s para suspensi\u00f3n 403-S\\\/L - Items Industriales\",\"isPartOf\":{\"@id\":\"https:\\\/\\\/itemsind.com\\\/tienda\\\/#website\"},\"primaryImageOfPage\":{\"@id\":\"https:\\\/\\\/itemsind.com\\\/tienda\\\/producto\\\/arnes-para-suspension-403-s-l\\\/#primaryimage\"},\"image\":{\"@id\":\"https:\\\/\\\/itemsind.com\\\/tienda\\\/producto\\\/arnes-para-suspension-403-s-l\\\/#primaryimage\"},\"thumbnailUrl\":\"https:\\\/\\\/itemsind.com\\\/tienda\\\/wp-content\\\/uploads\\\/2026\\\/04\\\/plantilla-productos-WEBSITE-26.png\",\"datePublished\":\"2026-04-27T15:55:29+00:00\",\"breadcrumb\":{\"@id\":\"https:\\\/\\\/itemsind.com\\\/tienda\\\/producto\\\/arnes-para-suspension-403-s-l\\\/#breadcrumb\"},\"inLanguage\":\"es\",\"potentialAction\":[{\"@type\":\"ReadAction\",\"target\":[\"https:\\\/\\\/itemsind.com\\\/tienda\\\/producto\\\/arnes-para-suspension-403-s-l\\\/\"]}]},{\"@type\":\"ImageObject\",\"inLanguage\":\"es\",\"@id\":\"https:\\\/\\\/itemsind.com\\\/tienda\\\/producto\\\/arnes-para-suspension-403-s-l\\\/#primaryimage\",\"url\":\"https:\\\/\\\/itemsind.com\\\/tienda\\\/wp-content\\\/uploads\\\/2026\\\/04\\\/plantilla-productos-WEBSITE-26.png\",\"contentUrl\":\"https:\\\/\\\/itemsind.com\\\/tienda\\\/wp-content\\\/uploads\\\/2026\\\/04\\\/plantilla-productos-WEBSITE-26.png\",\"width\":1080,\"height\":1080},{\"@type\":\"BreadcrumbList\",\"@id\":\"https:\\\/\\\/itemsind.com\\\/tienda\\\/producto\\\/arnes-para-suspension-403-s-l\\\/#breadcrumb\",\"itemListElement\":[{\"@type\":\"ListItem\",\"position\":1,\"name\":\"Portada\",\"item\":\"https:\\\/\\\/itemsind.com\\\/tienda\\\/\"},{\"@type\":\"ListItem\",\"position\":2,\"name\":\"Tienda\",\"item\":\"https:\\\/\\\/itemsind.com\\\/tienda\\\/tienda\\\/\"},{\"@type\":\"ListItem\",\"position\":3,\"name\":\"Arn\u00e9s para suspensi\u00f3n 403-S\\\/L\"}]},{\"@type\":\"WebSite\",\"@id\":\"https:\\\/\\\/itemsind.com\\\/tienda\\\/#website\",\"url\":\"https:\\\/\\\/itemsind.com\\\/tienda\\\/\",\"name\":\"Items Industriales\",\"description\":\"Productos y Servicios para Seguridad Industrial\",\"publisher\":{\"@id\":\"https:\\\/\\\/itemsind.com\\\/tienda\\\/#organization\"},\"potentialAction\":[{\"@type\":\"SearchAction\",\"target\":{\"@type\":\"EntryPoint\",\"urlTemplate\":\"https:\\\/\\\/itemsind.com\\\/tienda\\\/?s={search_term_string}\"},\"query-input\":{\"@type\":\"PropertyValueSpecification\",\"valueRequired\":true,\"valueName\":\"search_term_string\"}}],\"inLanguage\":\"es\"},{\"@type\":\"Organization\",\"@id\":\"https:\\\/\\\/itemsind.com\\\/tienda\\\/#organization\",\"name\":\"Items Industriales\",\"url\":\"https:\\\/\\\/itemsind.com\\\/tienda\\\/\",\"logo\":{\"@type\":\"ImageObject\",\"inLanguage\":\"es\",\"@id\":\"https:\\\/\\\/itemsind.com\\\/tienda\\\/#\\\/schema\\\/logo\\\/image\\\/\",\"url\":\"https:\\\/\\\/itemsind.com\\\/tienda\\\/wp-content\\\/uploads\\\/2023\\\/11\\\/items-logo-principal.jpg\",\"contentUrl\":\"https:\\\/\\\/itemsind.com\\\/tienda\\\/wp-content\\\/uploads\\\/2023\\\/11\\\/items-logo-principal.jpg\",\"width\":2120,\"height\":793,\"caption\":\"Items Industriales\"},\"image\":{\"@id\":\"https:\\\/\\\/itemsind.com\\\/tienda\\\/#\\\/schema\\\/logo\\\/image\\\/\"},\"sameAs\":[\"https:\\\/\\\/www.facebook.com\\\/itemsind\",\"https:\\\/\\\/www.instagram.com\\\/itemsind\\\/\"]}]}<\/script>\n<!-- \/ Yoast SEO plugin. -->","yoast_head_json":{"title":"Arn\u00e9s para suspensi\u00f3n 403-S\/L - Items Industriales","robots":{"index":"index","follow":"follow","max-snippet":"max-snippet:-1","max-image-preview":"max-image-preview:large","max-video-preview":"max-video-preview:-1"},"canonical":"https:\/\/itemsind.com\/tienda\/producto\/arnes-para-suspension-403-s-l\/","og_locale":"es_ES","og_type":"article","og_title":"Arn\u00e9s para suspensi\u00f3n 403-S\/L - Items Industriales","og_description":"Dispositivo a base de bandas o correas que se colocan alrededor del cuerpo, entre el t\u00f3rax, hombro y piernas. El dise\u00f1o del arn\u00e9s permite distribuir las fuerzas de carga en todo el cuerpo.  Dise\u00f1ado con 2 anillos \u201cD\u201d a la cintura para enganchar el cable de posicionamiento a un determinado nivel de altura, lo cual permite que el trabajador labore con manos libres.  El anillo dorsal permite parar una posible ca\u00edda. El anillo esternal puede ser utilizado como una detenci\u00f3n de ca\u00eddas alternativa, donde no hay posibilidad de caer en una direcci\u00f3n distinta de los pies por delante.El anillo frontal sirve como conexi\u00f3n ascenso\/descenso de escalera para anti ca\u00eddas guiada donde no hay posibilidad de caer en una direcci\u00f3n distinta de los pies por delante.  Las hebillas de conexi\u00f3n r\u00e1pida permiten ajustar el cintur\u00f3n y pierneras. Cuenta con cojines en hombros, cintura y piernas para mayor ergonom\u00eda.","og_url":"https:\/\/itemsind.com\/tienda\/producto\/arnes-para-suspension-403-s-l\/","og_site_name":"Items Industriales","article_publisher":"https:\/\/www.facebook.com\/itemsind","og_image":[{"width":1080,"height":1080,"url":"https:\/\/itemsind.com\/tienda\/wp-content\/uploads\/2026\/04\/plantilla-productos-WEBSITE-26.png","type":"image\/png"}],"twitter_card":"summary_large_image","twitter_misc":{"Tiempo de lectura":"1 minuto"},"schema":{"@context":"https:\/\/schema.org","@graph":[{"@type":"WebPage","@id":"https:\/\/itemsind.com\/tienda\/producto\/arnes-para-suspension-403-s-l\/","url":"https:\/\/itemsind.com\/tienda\/producto\/arnes-para-suspension-403-s-l\/","name":"Arn\u00e9s para suspensi\u00f3n 403-S\/L - Items Industriales","isPartOf":{"@id":"https:\/\/itemsind.com\/tienda\/#website"},"primaryImageOfPage":{"@id":"https:\/\/itemsind.com\/tienda\/producto\/arnes-para-suspension-403-s-l\/#primaryimage"},"image":{"@id":"https:\/\/itemsind.com\/tienda\/producto\/arnes-para-suspension-403-s-l\/#primaryimage"},"thumbnailUrl":"https:\/\/itemsind.com\/tienda\/wp-content\/uploads\/2026\/04\/plantilla-productos-WEBSITE-26.png","datePublished":"2026-04-27T15:55:29+00:00","breadcrumb":{"@id":"https:\/\/itemsind.com\/tienda\/producto\/arnes-para-suspension-403-s-l\/#breadcrumb"},"inLanguage":"es","potentialAction":[{"@type":"ReadAction","target":["https:\/\/itemsind.com\/tienda\/producto\/arnes-para-suspension-403-s-l\/"]}]},{"@type":"ImageObject","inLanguage":"es","@id":"https:\/\/itemsind.com\/tienda\/producto\/arnes-para-suspension-403-s-l\/#primaryimage","url":"https:\/\/itemsind.com\/tienda\/wp-content\/uploads\/2026\/04\/plantilla-productos-WEBSITE-26.png","contentUrl":"https:\/\/itemsind.com\/tienda\/wp-content\/uploads\/2026\/04\/plantilla-productos-WEBSITE-26.png","width":1080,"height":1080},{"@type":"BreadcrumbList","@id":"https:\/\/itemsind.com\/tienda\/producto\/arnes-para-suspension-403-s-l\/#breadcrumb","itemListElement":[{"@type":"ListItem","position":1,"name":"Portada","item":"https:\/\/itemsind.com\/tienda\/"},{"@type":"ListItem","position":2,"name":"Tienda","item":"https:\/\/itemsind.com\/tienda\/tienda\/"},{"@type":"ListItem","position":3,"name":"Arn\u00e9s para suspensi\u00f3n 403-S\/L"}]},{"@type":"WebSite","@id":"https:\/\/itemsind.com\/tienda\/#website","url":"https:\/\/itemsind.com\/tienda\/","name":"Items Industriales","description":"Productos y Servicios para Seguridad Industrial","publisher":{"@id":"https:\/\/itemsind.com\/tienda\/#organization"},"potentialAction":[{"@type":"SearchAction","target":{"@type":"EntryPoint","urlTemplate":"https:\/\/itemsind.com\/tienda\/?s={search_term_string}"},"query-input":{"@type":"PropertyValueSpecification","valueRequired":true,"valueName":"search_term_string"}}],"inLanguage":"es"},{"@type":"Organization","@id":"https:\/\/itemsind.com\/tienda\/#organization","name":"Items Industriales","url":"https:\/\/itemsind.com\/tienda\/","logo":{"@type":"ImageObject","inLanguage":"es","@id":"https:\/\/itemsind.com\/tienda\/#\/schema\/logo\/image\/","url":"https:\/\/itemsind.com\/tienda\/wp-content\/uploads\/2023\/11\/items-logo-principal.jpg","contentUrl":"https:\/\/itemsind.com\/tienda\/wp-content\/uploads\/2023\/11\/items-logo-principal.jpg","width":2120,"height":793,"caption":"Items Industriales"},"image":{"@id":"https:\/\/itemsind.com\/tienda\/#\/schema\/logo\/image\/"},"sameAs":["https:\/\/www.facebook.com\/itemsind","https:\/\/www.instagram.com\/itemsind\/"]}]}},"_links":{"self":[{"href":"https:\/\/itemsind.com\/tienda\/wp-json\/wp\/v2\/product\/18159","targetHints":{"allow":["GET"]}}],"collection":[{"href":"https:\/\/itemsind.com\/tienda\/wp-json\/wp\/v2\/product"}],"about":[{"href":"https:\/\/itemsind.com\/tienda\/wp-json\/wp\/v2\/types\/product"}],"wp:featuredmedia":[{"embeddable":true,"href":"https:\/\/itemsind.com\/tienda\/wp-json\/wp\/v2\/media\/18160"}],"wp:attachment":[{"href":"https:\/\/itemsind.com\/tienda\/wp-json\/wp\/v2\/media?parent=18159"}],"wp:term":[{"taxonomy":"product_brand","embeddable":true,"href":"https:\/\/itemsind.com\/tienda\/wp-json\/wp\/v2\/product_brand?post=18159"},{"taxonomy":"product_cat","embeddable":true,"href":"https:\/\/itemsind.com\/tienda\/wp-json\/wp\/v2\/product_cat?post=18159"},{"taxonomy":"product_tag","embeddable":true,"href":"https:\/\/itemsind.com\/tienda\/wp-json\/wp\/v2\/product_tag?post=18159"}],"curies":[{"name":"wp","href":"https:\/\/api.w.org\/{rel}","templated":true}]}}