{"id":18161,"date":"2026-04-27T10:00:28","date_gmt":"2026-04-27T16:00:28","guid":{"rendered":"https:\/\/itemsind.com\/tienda\/?post_type=product&#038;p=18161"},"modified":"2026-04-27T10:00:29","modified_gmt":"2026-04-27T16:00:29","slug":"banda-para-anclaje-dielectrico-p1d-3ft","status":"publish","type":"product","link":"https:\/\/itemsind.com\/tienda\/producto\/banda-para-anclaje-dielectrico-p1d-3ft\/","title":{"rendered":"Banda para anclaje diel\u00e9ctrico P1D-3ft"},"content":{"rendered":"","protected":false},"excerpt":{"rendered":"<p>Elemento de anclaje construido con cinta flexible, en uno de sus extremos cuenta con un anillo tipo &#8220;&#8221;O&#8221;&#8221; Diel\u00e9ctrico. Este producto sierve como punto de anclaje para sistemas de seguridad contra ca\u00eddas. La conexi\u00f3n se realiza uniendo el gancho del cable de seguridad al anillo &#8220;&#8221;O&#8221;&#8221;, quqe ha sido aunado previamente a alguna secci\u00f3n de la estructura.<\/p>\n","protected":false},"featured_media":18162,"template":"","meta":[],"product_brand":[2366],"product_cat":[2252,1311],"product_tag":[2389,2273],"class_list":{"0":"post-18161","1":"product","2":"type-product","3":"status-publish","4":"has-post-thumbnail","6":"product_brand-hawk","7":"product_cat-equipo","8":"product_cat-trabajo-alturas","9":"product_tag-banda-de-anclaje","10":"product_tag-trabajo-en-alturas","13":"instock","14":"taxable","15":"shipping-taxable","16":"product-type-simple"},"yoast_head":"<!-- This site is optimized with the Yoast SEO plugin v27.4 - https:\/\/yoast.com\/product\/yoast-seo-wordpress\/ -->\n<title>Banda para anclaje diel\u00e9ctrico P1D-3ft - Items Industriales<\/title>\n<meta name=\"robots\" content=\"index, follow, max-snippet:-1, max-image-preview:large, max-video-preview:-1\" \/>\n<link rel=\"canonical\" href=\"https:\/\/itemsind.com\/tienda\/producto\/banda-para-anclaje-dielectrico-p1d-3ft\/\" \/>\n<meta property=\"og:locale\" content=\"es_ES\" \/>\n<meta property=\"og:type\" content=\"article\" \/>\n<meta property=\"og:title\" content=\"Banda para anclaje diel\u00e9ctrico P1D-3ft - Items Industriales\" \/>\n<meta property=\"og:description\" content=\"Elemento de anclaje construido con cinta flexible, en uno de sus extremos cuenta con un anillo tipo &quot;&quot;O&quot;&quot; Diel\u00e9ctrico. Este producto sierve como punto de anclaje para sistemas de seguridad contra ca\u00eddas. La conexi\u00f3n se realiza uniendo el gancho del cable de seguridad al anillo &quot;&quot;O&quot;&quot;, quqe ha sido aunado previamente a alguna secci\u00f3n de la estructura.\" \/>\n<meta property=\"og:url\" content=\"https:\/\/itemsind.com\/tienda\/producto\/banda-para-anclaje-dielectrico-p1d-3ft\/\" \/>\n<meta property=\"og:site_name\" content=\"Items Industriales\" \/>\n<meta property=\"article:publisher\" content=\"https:\/\/www.facebook.com\/itemsind\" \/>\n<meta property=\"article:modified_time\" content=\"2026-04-27T16:00:29+00:00\" \/>\n<meta property=\"og:image\" content=\"https:\/\/itemsind.com\/tienda\/wp-content\/uploads\/2026\/04\/P1D-3ft_A-Cable-Punto-fijo-ALTO.png\" \/>\n\t<meta property=\"og:image:width\" content=\"1800\" \/>\n\t<meta property=\"og:image:height\" content=\"1800\" \/>\n\t<meta property=\"og:image:type\" content=\"image\/png\" \/>\n<meta name=\"twitter:card\" content=\"summary_large_image\" \/>\n<meta name=\"twitter:label1\" content=\"Tiempo de lectura\" \/>\n\t<meta name=\"twitter:data1\" content=\"1 minuto\" \/>\n<script type=\"application\/ld+json\" class=\"yoast-schema-graph\">{\"@context\":\"https:\\\/\\\/schema.org\",\"@graph\":[{\"@type\":\"WebPage\",\"@id\":\"https:\\\/\\\/itemsind.com\\\/tienda\\\/producto\\\/banda-para-anclaje-dielectrico-p1d-3ft\\\/\",\"url\":\"https:\\\/\\\/itemsind.com\\\/tienda\\\/producto\\\/banda-para-anclaje-dielectrico-p1d-3ft\\\/\",\"name\":\"Banda para anclaje diel\u00e9ctrico P1D-3ft - Items Industriales\",\"isPartOf\":{\"@id\":\"https:\\\/\\\/itemsind.com\\\/tienda\\\/#website\"},\"primaryImageOfPage\":{\"@id\":\"https:\\\/\\\/itemsind.com\\\/tienda\\\/producto\\\/banda-para-anclaje-dielectrico-p1d-3ft\\\/#primaryimage\"},\"image\":{\"@id\":\"https:\\\/\\\/itemsind.com\\\/tienda\\\/producto\\\/banda-para-anclaje-dielectrico-p1d-3ft\\\/#primaryimage\"},\"thumbnailUrl\":\"https:\\\/\\\/itemsind.com\\\/tienda\\\/wp-content\\\/uploads\\\/2026\\\/04\\\/P1D-3ft_A-Cable-Punto-fijo-ALTO.png\",\"datePublished\":\"2026-04-27T16:00:28+00:00\",\"dateModified\":\"2026-04-27T16:00:29+00:00\",\"breadcrumb\":{\"@id\":\"https:\\\/\\\/itemsind.com\\\/tienda\\\/producto\\\/banda-para-anclaje-dielectrico-p1d-3ft\\\/#breadcrumb\"},\"inLanguage\":\"es\",\"potentialAction\":[{\"@type\":\"ReadAction\",\"target\":[\"https:\\\/\\\/itemsind.com\\\/tienda\\\/producto\\\/banda-para-anclaje-dielectrico-p1d-3ft\\\/\"]}]},{\"@type\":\"ImageObject\",\"inLanguage\":\"es\",\"@id\":\"https:\\\/\\\/itemsind.com\\\/tienda\\\/producto\\\/banda-para-anclaje-dielectrico-p1d-3ft\\\/#primaryimage\",\"url\":\"https:\\\/\\\/itemsind.com\\\/tienda\\\/wp-content\\\/uploads\\\/2026\\\/04\\\/P1D-3ft_A-Cable-Punto-fijo-ALTO.png\",\"contentUrl\":\"https:\\\/\\\/itemsind.com\\\/tienda\\\/wp-content\\\/uploads\\\/2026\\\/04\\\/P1D-3ft_A-Cable-Punto-fijo-ALTO.png\",\"width\":1800,\"height\":1800},{\"@type\":\"BreadcrumbList\",\"@id\":\"https:\\\/\\\/itemsind.com\\\/tienda\\\/producto\\\/banda-para-anclaje-dielectrico-p1d-3ft\\\/#breadcrumb\",\"itemListElement\":[{\"@type\":\"ListItem\",\"position\":1,\"name\":\"Portada\",\"item\":\"https:\\\/\\\/itemsind.com\\\/tienda\\\/\"},{\"@type\":\"ListItem\",\"position\":2,\"name\":\"Tienda\",\"item\":\"https:\\\/\\\/itemsind.com\\\/tienda\\\/tienda\\\/\"},{\"@type\":\"ListItem\",\"position\":3,\"name\":\"Banda para anclaje diel\u00e9ctrico P1D-3ft\"}]},{\"@type\":\"WebSite\",\"@id\":\"https:\\\/\\\/itemsind.com\\\/tienda\\\/#website\",\"url\":\"https:\\\/\\\/itemsind.com\\\/tienda\\\/\",\"name\":\"Items Industriales\",\"description\":\"Productos y Servicios para Seguridad Industrial\",\"publisher\":{\"@id\":\"https:\\\/\\\/itemsind.com\\\/tienda\\\/#organization\"},\"potentialAction\":[{\"@type\":\"SearchAction\",\"target\":{\"@type\":\"EntryPoint\",\"urlTemplate\":\"https:\\\/\\\/itemsind.com\\\/tienda\\\/?s={search_term_string}\"},\"query-input\":{\"@type\":\"PropertyValueSpecification\",\"valueRequired\":true,\"valueName\":\"search_term_string\"}}],\"inLanguage\":\"es\"},{\"@type\":\"Organization\",\"@id\":\"https:\\\/\\\/itemsind.com\\\/tienda\\\/#organization\",\"name\":\"Items Industriales\",\"url\":\"https:\\\/\\\/itemsind.com\\\/tienda\\\/\",\"logo\":{\"@type\":\"ImageObject\",\"inLanguage\":\"es\",\"@id\":\"https:\\\/\\\/itemsind.com\\\/tienda\\\/#\\\/schema\\\/logo\\\/image\\\/\",\"url\":\"https:\\\/\\\/itemsind.com\\\/tienda\\\/wp-content\\\/uploads\\\/2023\\\/11\\\/items-logo-principal.jpg\",\"contentUrl\":\"https:\\\/\\\/itemsind.com\\\/tienda\\\/wp-content\\\/uploads\\\/2023\\\/11\\\/items-logo-principal.jpg\",\"width\":2120,\"height\":793,\"caption\":\"Items Industriales\"},\"image\":{\"@id\":\"https:\\\/\\\/itemsind.com\\\/tienda\\\/#\\\/schema\\\/logo\\\/image\\\/\"},\"sameAs\":[\"https:\\\/\\\/www.facebook.com\\\/itemsind\",\"https:\\\/\\\/www.instagram.com\\\/itemsind\\\/\"]}]}<\/script>\n<!-- \/ Yoast SEO plugin. -->","yoast_head_json":{"title":"Banda para anclaje diel\u00e9ctrico P1D-3ft - Items Industriales","robots":{"index":"index","follow":"follow","max-snippet":"max-snippet:-1","max-image-preview":"max-image-preview:large","max-video-preview":"max-video-preview:-1"},"canonical":"https:\/\/itemsind.com\/tienda\/producto\/banda-para-anclaje-dielectrico-p1d-3ft\/","og_locale":"es_ES","og_type":"article","og_title":"Banda para anclaje diel\u00e9ctrico P1D-3ft - Items Industriales","og_description":"Elemento de anclaje construido con cinta flexible, en uno de sus extremos cuenta con un anillo tipo \"\"O\"\" Diel\u00e9ctrico. Este producto sierve como punto de anclaje para sistemas de seguridad contra ca\u00eddas. La conexi\u00f3n se realiza uniendo el gancho del cable de seguridad al anillo \"\"O\"\", quqe ha sido aunado previamente a alguna secci\u00f3n de la estructura.","og_url":"https:\/\/itemsind.com\/tienda\/producto\/banda-para-anclaje-dielectrico-p1d-3ft\/","og_site_name":"Items Industriales","article_publisher":"https:\/\/www.facebook.com\/itemsind","article_modified_time":"2026-04-27T16:00:29+00:00","og_image":[{"width":1800,"height":1800,"url":"https:\/\/itemsind.com\/tienda\/wp-content\/uploads\/2026\/04\/P1D-3ft_A-Cable-Punto-fijo-ALTO.png","type":"image\/png"}],"twitter_card":"summary_large_image","twitter_misc":{"Tiempo de lectura":"1 minuto"},"schema":{"@context":"https:\/\/schema.org","@graph":[{"@type":"WebPage","@id":"https:\/\/itemsind.com\/tienda\/producto\/banda-para-anclaje-dielectrico-p1d-3ft\/","url":"https:\/\/itemsind.com\/tienda\/producto\/banda-para-anclaje-dielectrico-p1d-3ft\/","name":"Banda para anclaje diel\u00e9ctrico P1D-3ft - Items Industriales","isPartOf":{"@id":"https:\/\/itemsind.com\/tienda\/#website"},"primaryImageOfPage":{"@id":"https:\/\/itemsind.com\/tienda\/producto\/banda-para-anclaje-dielectrico-p1d-3ft\/#primaryimage"},"image":{"@id":"https:\/\/itemsind.com\/tienda\/producto\/banda-para-anclaje-dielectrico-p1d-3ft\/#primaryimage"},"thumbnailUrl":"https:\/\/itemsind.com\/tienda\/wp-content\/uploads\/2026\/04\/P1D-3ft_A-Cable-Punto-fijo-ALTO.png","datePublished":"2026-04-27T16:00:28+00:00","dateModified":"2026-04-27T16:00:29+00:00","breadcrumb":{"@id":"https:\/\/itemsind.com\/tienda\/producto\/banda-para-anclaje-dielectrico-p1d-3ft\/#breadcrumb"},"inLanguage":"es","potentialAction":[{"@type":"ReadAction","target":["https:\/\/itemsind.com\/tienda\/producto\/banda-para-anclaje-dielectrico-p1d-3ft\/"]}]},{"@type":"ImageObject","inLanguage":"es","@id":"https:\/\/itemsind.com\/tienda\/producto\/banda-para-anclaje-dielectrico-p1d-3ft\/#primaryimage","url":"https:\/\/itemsind.com\/tienda\/wp-content\/uploads\/2026\/04\/P1D-3ft_A-Cable-Punto-fijo-ALTO.png","contentUrl":"https:\/\/itemsind.com\/tienda\/wp-content\/uploads\/2026\/04\/P1D-3ft_A-Cable-Punto-fijo-ALTO.png","width":1800,"height":1800},{"@type":"BreadcrumbList","@id":"https:\/\/itemsind.com\/tienda\/producto\/banda-para-anclaje-dielectrico-p1d-3ft\/#breadcrumb","itemListElement":[{"@type":"ListItem","position":1,"name":"Portada","item":"https:\/\/itemsind.com\/tienda\/"},{"@type":"ListItem","position":2,"name":"Tienda","item":"https:\/\/itemsind.com\/tienda\/tienda\/"},{"@type":"ListItem","position":3,"name":"Banda para anclaje diel\u00e9ctrico P1D-3ft"}]},{"@type":"WebSite","@id":"https:\/\/itemsind.com\/tienda\/#website","url":"https:\/\/itemsind.com\/tienda\/","name":"Items Industriales","description":"Productos y Servicios para Seguridad Industrial","publisher":{"@id":"https:\/\/itemsind.com\/tienda\/#organization"},"potentialAction":[{"@type":"SearchAction","target":{"@type":"EntryPoint","urlTemplate":"https:\/\/itemsind.com\/tienda\/?s={search_term_string}"},"query-input":{"@type":"PropertyValueSpecification","valueRequired":true,"valueName":"search_term_string"}}],"inLanguage":"es"},{"@type":"Organization","@id":"https:\/\/itemsind.com\/tienda\/#organization","name":"Items Industriales","url":"https:\/\/itemsind.com\/tienda\/","logo":{"@type":"ImageObject","inLanguage":"es","@id":"https:\/\/itemsind.com\/tienda\/#\/schema\/logo\/image\/","url":"https:\/\/itemsind.com\/tienda\/wp-content\/uploads\/2023\/11\/items-logo-principal.jpg","contentUrl":"https:\/\/itemsind.com\/tienda\/wp-content\/uploads\/2023\/11\/items-logo-principal.jpg","width":2120,"height":793,"caption":"Items Industriales"},"image":{"@id":"https:\/\/itemsind.com\/tienda\/#\/schema\/logo\/image\/"},"sameAs":["https:\/\/www.facebook.com\/itemsind","https:\/\/www.instagram.com\/itemsind\/"]}]}},"_links":{"self":[{"href":"https:\/\/itemsind.com\/tienda\/wp-json\/wp\/v2\/product\/18161","targetHints":{"allow":["GET"]}}],"collection":[{"href":"https:\/\/itemsind.com\/tienda\/wp-json\/wp\/v2\/product"}],"about":[{"href":"https:\/\/itemsind.com\/tienda\/wp-json\/wp\/v2\/types\/product"}],"wp:featuredmedia":[{"embeddable":true,"href":"https:\/\/itemsind.com\/tienda\/wp-json\/wp\/v2\/media\/18162"}],"wp:attachment":[{"href":"https:\/\/itemsind.com\/tienda\/wp-json\/wp\/v2\/media?parent=18161"}],"wp:term":[{"taxonomy":"product_brand","embeddable":true,"href":"https:\/\/itemsind.com\/tienda\/wp-json\/wp\/v2\/product_brand?post=18161"},{"taxonomy":"product_cat","embeddable":true,"href":"https:\/\/itemsind.com\/tienda\/wp-json\/wp\/v2\/product_cat?post=18161"},{"taxonomy":"product_tag","embeddable":true,"href":"https:\/\/itemsind.com\/tienda\/wp-json\/wp\/v2\/product_tag?post=18161"}],"curies":[{"name":"wp","href":"https:\/\/api.w.org\/{rel}","templated":true}]}}